{"id":1529,"date":"2024-10-22T01:12:43","date_gmt":"2024-10-22T01:12:43","guid":{"rendered":"https:\/\/cetstudents.org\/?page_id=1529"},"modified":"2024-10-22T03:20:58","modified_gmt":"2024-10-22T03:20:58","slug":"accesibilidad","status":"publish","type":"page","link":"https:\/\/cetstudents.org\/en\/accesibilidad\/","title":{"rendered":"Accessibility"},"content":{"rendered":"<div data-elementor-type=\"wp-page\" data-elementor-id=\"1529\" class=\"elementor elementor-1529\" data-elementor-post-type=\"page\">\n\t\t\t\t<div class=\"elementor-element elementor-element-c538537 e-flex e-con-boxed e-con e-parent\" data-id=\"c538537\" data-element_type=\"container\">\n\t\t\t\t\t<div class=\"e-con-inner\">\n\t\t\t\t<div class=\"elementor-element elementor-element-9c1e366 elementor-widget elementor-widget-text-editor\" data-id=\"9c1e366\" data-element_type=\"widget\" data-widget_type=\"text-editor.default\">\n\t\t\t\t<div class=\"elementor-widget-container\">\n\t\t\t\t\t\t\t<p><b>DECLARACI\u00d3N DE ACCESIBILIDAD<\/b><\/p>\n<p><b>CET Services<\/b> <b>&nbsp;CIF\/ NIF: X0716867A<\/b><span style=\"font-weight: 400;\">, domicilio social en <\/span><span style=\"font-weight: 400;\">Domicilio social: Pje. el Cerezo, 20, 35412 Arucas, Las Palmas, Espa\u00f1a<\/span><span style=\"font-weight: 400;\"> se ha <\/span><span style=\"font-weight: 400;\">comprometido a hacer accesible su sitio web, de conformidad con el&nbsp;<\/span><a href=\"https:\/\/www.boe.es\/diario_boe\/txt.php?id=BOE-A-2018-12699\"><span style=\"font-weight: 400;\">Real Decreto 1112\/2018, de 7 de septiembre, sobre accesibilidad de los sitios web y aplicaciones para dispositivos m\u00f3viles del sector p\u00fablico<\/span><\/a><span style=\"font-weight: 400;\">.&nbsp;<\/span><\/p>\n<p><span style=\"font-weight: 400;\">La presente declaraci\u00f3n de accesibilidad se aplica a&nbsp; <\/span><b>info@cetservices.org<\/b><\/p>\n<p><\/p>\n<p><b>SITUACI\u00d3N DEL CUMPLIMIENTO<\/b><\/p>\n<p><span style=\"font-weight: 400;\">Este sitio web es&nbsp;<\/span><b>plenamente conforme<\/b><span style=\"font-weight: 400;\">&nbsp;con el RD 1112\/2018.<\/span><\/p>\n<p><span style=\"font-weight: 400;\">&nbsp;<\/span><\/p>\n<p><b>CONTENIDO NO ACCESIBLE<\/b><\/p>\n<p><span style=\"font-weight: 400;\">Todo el contenido es accesible.<\/span><\/p>\n<p><span style=\"font-weight: 400;\">&nbsp;<\/span><\/p>\n<p><b>PREPARACI\u00d3N DE LA PRESENTE DECLARACI\u00d3N DE ACCESIBILIDAD<\/b><\/p>\n<p><span style=\"font-weight: 400;\">La presente declaraci\u00f3n fue preparada el 20<\/span><span style=\"font-weight: 400;\"> de octubre de 2024<\/span><span style=\"font-weight: 400;\">.<\/span><\/p>\n<p><span style=\"font-weight: 400;\">El m\u00e9todo empleado para preparar la declaraci\u00f3n ha sido una autoevaluaci\u00f3n llevada a cabo por el propio organismo.<\/span><\/p>\n<p><b>OBSERVACIONES Y DATOS DE CONTACTO<\/b><\/p>\n<p><span style=\"font-weight: 400;\">Puede realizar&nbsp;<\/span><b>comunicaciones<\/b><span style=\"font-weight: 400;\">&nbsp;sobre requisitos de accesibilidad (art\u00edculo 10.2.a) del RD 1112\/2018) como por ejemplo:<\/span><\/p>\n<ul>\n<li style=\"font-weight: 400;\" aria-level=\"1\"><span style=\"font-weight: 400;\">informar sobre cualquier posible&nbsp;<\/span><b>incumplimiento<\/b><span style=\"font-weight: 400;\">&nbsp;por parte de este sitio web<\/span><\/li>\n<li style=\"font-weight: 400;\" aria-level=\"1\"><span style=\"font-weight: 400;\">transmitir otras&nbsp;<\/span><b>dificultades de acceso<\/b><span style=\"font-weight: 400;\">&nbsp;al contenido<\/span><\/li>\n<\/ul>\n<p><span style=\"font-weight: 400;\">formular cualquier otra&nbsp;<\/span><b>consulta o sugerencia de mejora<\/b><span style=\"font-weight: 400;\">&nbsp;relativa a la accesibilidad del sitio web <\/span><b>info@cetservices.org<\/b><\/p>\n<p><span style=\"font-weight: 400;\">o Llamando al tel\u00e9fono <\/span><span style=\"font-weight: 400;\">(+34) <\/span><b>28 622 386<\/b><\/p>\n<p><span style=\"font-weight: 400;\">Puede presentar:<\/span><\/p>\n<ul>\n<li style=\"font-weight: 400;\" aria-level=\"1\"><span style=\"font-weight: 400;\">una queja relativa al cumplimiento de los requisitos del RD 1112\/2018 o<\/span><\/li>\n<li style=\"font-weight: 400;\" aria-level=\"1\"><span style=\"font-weight: 400;\">una Solicitud de Informaci\u00f3n accesible relativa a:<\/span>\n<ol>\n<li style=\"font-weight: 400;\" aria-level=\"2\"><span style=\"font-weight: 400;\">contenidos que est\u00e1n excluidos del \u00e1mbito de aplicaci\u00f3n del RD 1112\/2018 seg\u00fan lo establecido por el art\u00edculo 3, apartado 4.<\/span><\/li>\n<li style=\"font-weight: 400;\" aria-level=\"2\"><span style=\"font-weight: 400;\">contenidos que est\u00e1n exentos del cumplimiento de los requisitos de accesibilidad por imponer una carga desproporcionada.<\/span><\/li>\n<\/ol>\n<\/li>\n<\/ul>\n<p><span style=\"font-weight: 400;\">En la Solicitud de informaci\u00f3n accesible, se debe concretar, con toda claridad, los hechos, razones y petici\u00f3n que permitan constatar que se trata de una solicitud razonable y leg\u00edtima.<\/span><\/p>\n<p><span style=\"font-weight: 400;\">Las comunicaciones, quejas y solicitudes de informaci\u00f3n accesible ser\u00e1n recibidas y tratadas por&nbsp;<\/span><span style=\"background-color: transparent; color: rgb(27, 27, 27); font-family: &quot;Times New Roman&quot;, serif; font-size: 12pt; font-weight: 700; white-space-collapse: preserve; text-align: var(--text-align); letter-spacing: var( --e-global-typography-text-letter-spacing ); text-transform: var( --e-global-typography-text-text-transform ); word-spacing: var( --e-global-typography-text-word-spacing );\">CET Services<\/span><\/p>\n<p><span style=\"font-weight: 400;\">&nbsp;<\/span><\/p>\n<p><b>PROCEDIMIENTO DE APLICACI\u00d3N<\/b><\/p>\n<p><span style=\"font-weight: 400;\">En caso de no verse atendidas las solicitudes, podr\u00e1 dirigir una comunicaci\u00f3n <\/span><span style=\"font-weight: 400;\">a <\/span><b>info@cetservices.org<\/b> <span style=\"font-weight: 400;\">dirigida en atenci\u00f3n a la Direcci\u00f3n de la organizaci\u00f3n.<\/span><\/p>\n<p><\/p>\t\t\t\t\t\t<\/div>\n\t\t\t\t<\/div>\n\t\t\t\t\t<\/div>\n\t\t\t\t<\/div>\n\t\t\t\t<\/div>","protected":false},"excerpt":{"rendered":"<p>DECLARACI\u00d3N DE ACCESIBILIDAD CET Services &nbsp;CIF\/ NIF: X0716867A, domicilio social en Domicilio social: Pje. el Cerezo, 20, 35412 Arucas, Las [&hellip;]<\/p>","protected":false},"author":3,"featured_media":0,"parent":0,"menu_order":0,"comment_status":"closed","ping_status":"closed","template":"","meta":{"footnotes":""},"class_list":["post-1529","page","type-page","status-publish","hentry"],"_links":{"self":[{"href":"https:\/\/cetstudents.org\/en\/wp-json\/wp\/v2\/pages\/1529","targetHints":{"allow":["GET"]}}],"collection":[{"href":"https:\/\/cetstudents.org\/en\/wp-json\/wp\/v2\/pages"}],"about":[{"href":"https:\/\/cetstudents.org\/en\/wp-json\/wp\/v2\/types\/page"}],"author":[{"embeddable":true,"href":"https:\/\/cetstudents.org\/en\/wp-json\/wp\/v2\/users\/3"}],"replies":[{"embeddable":true,"href":"https:\/\/cetstudents.org\/en\/wp-json\/wp\/v2\/comments?post=1529"}],"version-history":[{"count":7,"href":"https:\/\/cetstudents.org\/en\/wp-json\/wp\/v2\/pages\/1529\/revisions"}],"predecessor-version":[{"id":1559,"href":"https:\/\/cetstudents.org\/en\/wp-json\/wp\/v2\/pages\/1529\/revisions\/1559"}],"wp:attachment":[{"href":"https:\/\/cetstudents.org\/en\/wp-json\/wp\/v2\/media?parent=1529"}],"curies":[{"name":"wp","href":"https:\/\/api.w.org\/{rel}","templated":true}]}}